{"id":22,"date":"2024-04-29T06:41:22","date_gmt":"2024-04-29T11:41:22","guid":{"rendered":"https:\/\/arriendo.com\/co\/privacy-policy\/"},"modified":"2026-04-29T08:44:48","modified_gmt":"2026-04-29T13:44:48","slug":"politica-de-datos","status":"publish","type":"page","link":"https:\/\/arriendo.com\/co\/politica-de-datos\/","title":{"rendered":"Pol\u00edtica de datos"},"content":{"rendered":"\t\t<div data-elementor-type=\"wp-page\" data-elementor-id=\"22\" class=\"elementor elementor-22\">\n\t\t\t\t<div class=\"elementor-element elementor-element-6f905bd3 e-flex e-con-boxed e-con e-parent\" data-id=\"6f905bd3\" data-element_type=\"container\" data-e-type=\"container\">\n\t\t\t\t\t<div class=\"e-con-inner\">\n\t\t\t\t<div class=\"elementor-element elementor-element-d21cd08 elementor-widget elementor-widget-heading\" data-id=\"d21cd08\" data-element_type=\"widget\" data-e-type=\"widget\" data-widget_type=\"heading.default\">\n\t\t\t\t<div class=\"elementor-widget-container\">\n\t\t\t\t\t<h1 class=\"elementor-heading-title elementor-size-default\">Pol\u00edtica de datos<\/h1>\t\t\t\t<\/div>\n\t\t\t\t<\/div>\n\t\t\t\t<div class=\"elementor-element elementor-element-fe984e2 elementor-widget elementor-widget-html\" data-id=\"fe984e2\" data-element_type=\"widget\" data-e-type=\"widget\" data-widget_type=\"html.default\">\n\t\t\t\t<div class=\"elementor-widget-container\">\n\t\t\t\t\t<style>\n   #legal ul,ol{\n        list-style: disc;\n        margin: 0 0 1.5em 3em;\n    }\n   #legal li{\n        list-style: disc;\n    }\n<\/style>\t\t\t\t<\/div>\n\t\t\t\t<\/div>\n\t\t\t\t<div class=\"elementor-element elementor-element-61ba2273 elementor-widget elementor-widget-text-editor\" data-id=\"61ba2273\" data-element_type=\"widget\" data-e-type=\"widget\" id=\"legal\" data-widget_type=\"text-editor.default\">\n\t\t\t\t<div class=\"elementor-widget-container\">\n\t\t\t\t\t\t\t\t\t<p>En Arriendo.com, estamos comprometidos con la protecci\u00f3n de la privacidad de nuestros usuarios. Esta Pol\u00edtica de Datos explica c\u00f3mo recopilamos, utilizamos y protegemos la informaci\u00f3n personal de los arrendadores y arrendatarios que utilizan nuestra plataforma.<\/p><h3>Informaci\u00f3n que Recopilamos<\/h3><ol><li><strong>Informaci\u00f3n de Registro:<\/strong><ul><li><strong>Arrendadores:<\/strong> Cuando se registran en nuestra plataforma, recopilamos su nombre, direcci\u00f3n de correo electr\u00f3nico, n\u00famero de tel\u00e9fono y detalles de la propiedad que desean arrendar.<\/li><li><strong>Arrendatarios:<\/strong> Cuando crean una cuenta o se comunican con un arrendador, recopilamos su nombre, direcci\u00f3n de correo electr\u00f3nico y n\u00famero de tel\u00e9fono.<\/li><\/ul><\/li><li><strong>Informaci\u00f3n de Propiedad:<\/strong><ul><li>Detalles de la propiedad, incluidos la direcci\u00f3n, caracter\u00edsticas, fotograf\u00edas y cualquier otra informaci\u00f3n relevante proporcionada por el arrendador.<\/li><\/ul><\/li><li><strong>Informaci\u00f3n de Comunicaci\u00f3n:<\/strong><ul><li>Registros de correspondencia entre arrendadores y arrendatarios, incluyendo mensajes enviados a trav\u00e9s de nuestra plataforma.<\/li><\/ul><\/li><\/ol><h3>Uso de la Informaci\u00f3n<\/h3><p>Utilizamos la informaci\u00f3n recopilada para:<\/p><ul><li>Permitir a los arrendadores listar sus propiedades y a los arrendatarios buscar y contactar a los arrendadores.<\/li><li>Facilitar la comunicaci\u00f3n entre arrendadores y arrendatarios.<\/li><li>Proveer, operar y mantener nuestra plataforma.<\/li><li>Mejorar y personalizar la experiencia del usuario.<\/li><li>Enviar notificaciones y actualizaciones importantes relacionadas con nuestros servicios.<\/li><li>Cumplir con requisitos legales y regulatorios.<\/li><\/ul><h3>Uso de la Informaci\u00f3n<\/h3><p>No vendemos, intercambiamos ni transferimos de ninguna otra manera su informaci\u00f3n personal a terceros sin su consentimiento, excepto en las siguientes circunstancias:<\/p><ul><li><strong>Proveedores de Servicios:<\/strong> Podemos compartir informaci\u00f3n con terceros proveedores de servicios que nos ayudan a operar nuestra plataforma, realizar nuestro negocio o brindar servicios a nuestros usuarios, siempre que estos se comprometan a mantener la confidencialidad de la informaci\u00f3n.<\/li><li><strong>Requerimientos Legales:<\/strong> Podemos divulgar informaci\u00f3n cuando sea necesario para cumplir con la ley, hacer cumplir nuestras pol\u00edticas del sitio o proteger nuestros derechos, propiedad o seguridad, as\u00ed como la de otros.<\/li><\/ul><h3>Intercambio de datos entre usuarios de la plataforma<\/h3><p>Al diligenciar el formulario de contacto de un inmueble y aceptar nuestra Pol\u00edtica de Datos y T\u00e9rminos y Condiciones, el usuario autoriza expresamente a Arriendo.com a compartir los datos de contacto suministrados (nombre, correo electr\u00f3nico y n\u00famero de tel\u00e9fono) con el anunciante, propietario, agente, administradores de la propiedad u otros terceros estrat\u00e9gicos de Arriendo.com, con la \u00fanica finalidad de que estos puedan brindarle informaci\u00f3n sobre dicho inmueble.<\/p><p>Del mismo modo, al publicar un inmueble en la plataforma, el anunciante autoriza que los datos de contacto, as\u00ed como la direcci\u00f3n, caracter\u00edsticas y fotograf\u00edas del inmueble, sean compartidos con los usuarios que manifiesten inter\u00e9s a trav\u00e9s de los canales habilitados en la plataforma.<\/p><p>Este intercambio constituye la finalidad esencial del servicio y no implica la cesi\u00f3n de datos a terceros con fines comerciales distintos.<\/p><p>Los datos ser\u00e1n conservados mientras subsista la finalidad que motiv\u00f3 su recolecci\u00f3n o hasta que el titular solicite su supresi\u00f3n, conforme a la Ley 1581 de 2012 y el Decreto 1377 de 2013.<\/p><h3>Seguridad de la Informaci\u00f3n<\/h3><p>Implementamos diversas medidas de seguridad para proteger la informaci\u00f3n personal de nuestros usuarios. Sin embargo, ninguna transmisi\u00f3n de datos por Internet o m\u00e9todo de almacenamiento electr\u00f3nico es 100% seguro, por lo que no podemos garantizar la seguridad absoluta de la informaci\u00f3n.<\/p><h3>Retenci\u00f3n de Datos<\/h3><p>Conservamos la informaci\u00f3n personal durante el tiempo que sea necesario para cumplir con los prop\u00f3sitos descritos en esta Pol\u00edtica de Datos, a menos que se requiera o permita un per\u00edodo de retenci\u00f3n m\u00e1s largo por ley.<\/p><h3>Derechos de los Usuarios<\/h3><p>Los usuarios tienen derecho a acceder, rectificar, borrar o restringir el uso de su informaci\u00f3n personal. Para ejercer estos derechos, por favor cont\u00e1ctenos a trav\u00e9s de comunicaciones@arriendo.com<\/p><h3>Cambios en la Pol\u00edtica de Datos<\/h3><p>Nos reservamos el derecho de actualizar esta Pol\u00edtica de Datos en cualquier momento. Notificaremos a nuestros usuarios sobre cualquier cambio significativo publicando la nueva pol\u00edtica en nuestro sitio y, cuando sea necesario, enviando una notificaci\u00f3n por correo electr\u00f3nico.<\/p><h3>Contacto<\/h3><p>Si tiene alguna pregunta o inquietud sobre esta Pol\u00edtica de Datos, por favor cont\u00e1ctenos en:<\/p><p>Arriendo.com<\/p><p>Correo Electr\u00f3nico: comunicaciones@arriendo.com<\/p>\t\t\t\t\t\t\t\t<\/div>\n\t\t\t\t<\/div>\n\t\t\t\t\t<\/div>\n\t\t\t\t<\/div>\n\t\t\t\t<\/div>\n\t\t","protected":false},"excerpt":{"rendered":"<p>Pol\u00edtica de datos En Arriendo.com, estamos comprometidos con la protecci\u00f3n de la privacidad de nuestros usuarios. Esta Pol\u00edtica de Datos explica c\u00f3mo recopilamos, utilizamos y protegemos la informaci\u00f3n personal de los arrendadores y arrendatarios que utilizan nuestra plataforma. Informaci\u00f3n que Recopilamos Informaci\u00f3n de Registro: Arrendadores: Cuando se registran en nuestra plataforma, recopilamos su nombre, direcci\u00f3n [&hellip;]<\/p>\n","protected":false},"author":1,"featured_media":0,"parent":0,"menu_order":0,"comment_status":"closed","ping_status":"closed","template":"elementor_header_footer","meta":{"inline_featured_image":false,"footnotes":""},"class_list":["post-22","page","type-page","status-publish","hentry"],"_links":{"self":[{"href":"https:\/\/arriendo.com\/co\/wp-json\/wp\/v2\/pages\/22","targetHints":{"allow":["GET"]}}],"collection":[{"href":"https:\/\/arriendo.com\/co\/wp-json\/wp\/v2\/pages"}],"about":[{"href":"https:\/\/arriendo.com\/co\/wp-json\/wp\/v2\/types\/page"}],"author":[{"embeddable":true,"href":"https:\/\/arriendo.com\/co\/wp-json\/wp\/v2\/users\/1"}],"replies":[{"embeddable":true,"href":"https:\/\/arriendo.com\/co\/wp-json\/wp\/v2\/comments?post=22"}],"version-history":[{"count":3,"href":"https:\/\/arriendo.com\/co\/wp-json\/wp\/v2\/pages\/22\/revisions"}],"predecessor-version":[{"id":447533,"href":"https:\/\/arriendo.com\/co\/wp-json\/wp\/v2\/pages\/22\/revisions\/447533"}],"wp:attachment":[{"href":"https:\/\/arriendo.com\/co\/wp-json\/wp\/v2\/media?parent=22"}],"curies":[{"name":"wp","href":"https:\/\/api.w.org\/{rel}","templated":true}]}}