{"id":15,"date":"2024-04-29T06:26:29","date_gmt":"2024-04-29T11:26:29","guid":{"rendered":"https:\/\/arriendo.com\/co\/properties-management\/"},"modified":"2024-08-22T09:51:10","modified_gmt":"2024-08-22T14:51:10","slug":"publicar-inmuebles","status":"publish","type":"page","link":"https:\/\/arriendo.com\/co\/publicar-inmuebles\/","title":{"rendered":"Publica tu inmueble"},"content":{"rendered":"<div class=\"flex-content login-intro\">\n    <div class=\"publ-mod\">\n        <div class=\"flex-content\">\n  <img loading=\"lazy\"\n    src=\"https:\/\/cdn.arriendo.com\/co\/wp-content\/uploads\/2024\/06\/Ingresar-scaled.webp\"\n    alt=\"Reg\u00edstrate como arrendatario\"\n    width=\"378\"\n    height=\"382\"\n    loading=\"lazy\"\n    decoding=\"async\"\n  >\n  <div class=\"publ-mod-txt\">\n    <h3 class=\"txt-size-36\">\u00a1Bienvenido a tu cuenta!<\/h3>\n    <p class=\"txt-size-18\">Controla tus publicaciones y organiza tus favoritos<\/p>\n  <\/div>\n      \n            <!--<div class=\"publ-mod-txt\">\n                <h3 class=\"txt-size-36\">Exhibe tu propiedad<\/h3>\n                <p class=\"txt-size-18\">Lorem ipsum dolor sit amet, consectetur adipiscing elit, sed do eiusmod tempor incididunt ut labore et dolore magna aliqua.<\/p>\n            <\/div>-->\n        <\/div>\n    <\/div>\n    <div class=\"border-mod login-form\">\n        <div class=\"es-auth js-es-auth content-font\">\n                            <ul class='es-notify-list'><li class='es-notify es-notify--error'><span class='es-icon es-icon_error'><\/span><p>La direcci\u00f3n de correo electr\u00f3nico que utiliza ya ha sido registrada. Por favor Iniciar sesi\u00f3n.<\/p><\/li><\/ul>                <div class=\"es-auth__item es-auth__login-buttons \">\n\t        <h3 class=\"heading-font\">Inicia sesi\u00f3n<\/h3>\n\t\n\t        <p>Para publicar tus inmuebles<\/p>\n\t\n\t\t\t\t\t\t                <a class=\"es-btn es-btn--google es-btn--auth \" href=\"https:\/\/accounts.google.com\/o\/oauth2\/v2\/auth?redirect_uri=https%3A%2F%2Farriendo.com%2Fco%2F%3Fauth_network%3Dgoogle-login-buttons&response_type=code&client_id=962024793048-j5i16hkkgnktk5acbggglgnf43vd016i.apps.googleusercontent.com&access_type=online&scope=https:\/\/www.googleapis.com\/auth\/userinfo.profile https:\/\/www.googleapis.com\/auth\/userinfo.email\">\n                    <span class=\"es-icon es-icon_google\"><\/span>\n\t\t\t\t\tContinua con Google                <\/a>\n\t\t\t\t\t\t        <a href=\"#\" data-auth-item=\"login-form\" class=\"js-es-auth-item__switcher es-btn es-btn--default es-btn--auth \">\n\t\t\tIniciar sesi\u00f3n con contrase\u00f1a\n        <\/a>\n\t\n\t<!-- Ir al registro de Arrendadores -->\n\t<!--        <p class=\"sign-in-text\">\u00bfNo tienes una cuenta? <a href=\"#\" data-auth-item=\"agent-register-buttons\" class=\"js-es-auth-item__switcher\">Reg\u00edstrate<\/a><\/p>\n\t-->\n\t\n\t<!-- Ir al registro de Arrendadores -->\n\t        <p class=\"sign-in-text\">\u00bfNo tienes una cuenta? <a href=\"#\" data-auth-item=\"agent-register-buttons\" class=\"js-es-auth-item__switcher register-agent-btn\">Reg\u00edstrate<\/a><\/p>\n\t\t\t\n\t<!--<a href=\"#\" data-auth-item=\"agent-register-buttons\" class=\"js-es-auth-item__switcher register-agent-btn\">Reg\u00edstrate como Arrendador<\/a>-->\n\n    <div class=\"es-space\"><\/div>\n\t\n<\/div>\n                <div class=\"es-auth__item js-es-auth__login-form es-auth__login-form es-auth__item--hidden\">\n\t        <h3 class=\"heading-font\">Inicia sesi\u00f3n o reg\u00edstrate<\/h3>\n\t\n\t        <p>Para guardar y publicar tus inmuebles<\/p>\n\t\n    <div class=\"all-login-back\">\n        <a href=\"#\" data-auth-item=\"login-buttons\" class=\"js-es-auth-item__switcher\">\n            <span class=\"es-icon es-icon_chevron-left\"><\/span>Todas las opciones de inicio de sesi\u00f3n        <\/a>\n    <\/div>\n\n    <form action=\"\" method=\"POST\">\n\t\t\n                               <div class='es-field es-field__es_user_login es-field--text '>\n                                   <label for='es_user_login-69d8dacb0220f'><div class='es-field__label'>Email<\/div><input id=\"es_user_login-69d8dacb0220f\" name=\"es_user_login\" class=\"es-field__input\" required=\"required\" type=\"text\" value=\"\" \/><\/label>\n                               <\/div>\n                           \n                                   <div class='es-field es-field__es_user_password es-field--password '>\n                                       <label for='es_user_password-69d8dacb02ef7'><div class='es-field__label'>Contrase\u00f1a<\/div><div class='es-input__wrap'><input id=\"es_user_password-69d8dacb02ef7\" name=\"es_user_password\" class=\"es-field__input\" required=\"required\" type=\"password\" value=\"\" \/><a href='#' class='es-toggle-pwd js-es-toggle-pwd'><span class='es-icon es-icon_eye'><\/span><\/a><\/div><\/label>\n                                   <\/div>\n                                       <div class=\"forgot-pwd\">\n            <a href=\"#\" data-auth-item=\"reset-form\" class=\"js-es-auth-item__switcher\">\u00bfSe te olvid\u00f3 tu contrase\u00f1a?<\/a>\n        <\/div>\n\n\t\t        <input type=\"hidden\" name=\"uniqid\" value=\"69d8dacb02f24\"\/>\n\t\t<input type=\"hidden\" id=\"es_auth_nonce_69d8dacb02f24\" name=\"es_auth_nonce_69d8dacb02f24\" value=\"2fdcd4a07c\" \/><input type=\"hidden\" name=\"_wp_http_referer\" value=\"\/co\/wp-json\/wp\/v2\/pages\/15\" \/>\t    \t\t\t\t\t<div class=\"es-recaptcha-wrapper\">\n\t\t\t\t\t\t<div class=\"js-g-recaptcha\" id=\"g-recaptcha-69d8dacb02f7f\"><\/div>\n\t\t\t\t\t<\/div>\n\t\t\t\t        <button type=\"submit\" class=\"es-btn es-btn--primary js-es-btn--login es-btn--login\" disabled>Iniciar sesi\u00f3n<\/button>\n    <\/form>\n\n\t    <div class=\"es-space\"><\/div>\n<\/div>\n                <div class=\"es-auth__item es-auth__reset-form es-auth__item--hidden\">\n    <h3 class=\"heading-font\">Solicitud de cambio de contrase\u00f1a<\/h3>\n    <p>Ingrese su direcci\u00f3n de correo electr\u00f3nico y le enviaremos un enlace para cambiar su contrase\u00f1a.<\/p>\n\n    <form action=\"\" method=\"POST\">\n\t\t\n        <input type=\"hidden\" name=\"uniqid\" value=\"69d8dacb03033\"\/>\n\n\t\t\t\t\t\n                               <div class='es-field es-field__es_user_email es-field--email '>\n                                   <label for='es_user_email-69d8dacb03038'><div class='es-field__label'>Email<\/div><input id=\"es_user_email-69d8dacb03038\" name=\"es_user_email\" class=\"es-field__input\" required=\"required\" type=\"email\" value=\"\" \/><\/label>\n                               <\/div>\n                           \t\t\t<input type=\"hidden\" id=\"es_retrieve_pwd_nonce_69d8dacb03033\" name=\"es_retrieve_pwd_nonce_69d8dacb03033\" value=\"1450173113\" \/><input type=\"hidden\" name=\"_wp_http_referer\" value=\"\/co\/wp-json\/wp\/v2\/pages\/15\" \/>\t\t\t\t\t\t\t\t<div class=\"es-recaptcha-wrapper\">\n\t\t\t\t\t\t<div class=\"js-g-recaptcha\" id=\"g-recaptcha-69d8dacb030b7\"><\/div>\n\t\t\t\t\t<\/div>\n\t\t\t\t            <button type=\"submit\" class=\"es-btn es-btn--primary es-btn--reset\">Enviar enlace de reinicio<\/button>\n\t\t\n        <div><a href=\"#\" data-auth-item=\"login-buttons\" class=\"js-es-auth-item__switcher login-back\"><span class=\"es-icon es-icon_chevron-left\"><\/span>Volver para iniciar sesi\u00f3n\n<\/a><\/div>\n    <\/form>\n    <div class=\"es-space\"><\/div>\n<\/div>\n                                                    <div class=\"es-auth__item es-auth__agent-register-form es-auth__item--hidden\">\n\t\t\t<h3 class=\"heading-font\">Crea una cuenta como arrendador<\/h3>\n\t\n\t\t\t<p>Sube y edita tus inmuebles, gestiona tus datos de contacto y mucho m\u00e1s.<\/p>\n\t\n\t<div class=\"all-login-back\">\n\t\t<a href=\"#\" class=\"js-es-auth-item__switcher\" data-auth-item=\"agent-register-buttons\">\n\t\t\t<span class=\"es-icon es-icon_chevron-left\"><\/span>Todas las opciones de registro\n\t\t<\/a>\n\t<\/div>\n\n\t<form action=\"\" method=\"POST\">\n\t\t        <input type=\"hidden\" name=\"uniqid\" value=\"69d8dacb03144\"\/>\n        <input type=\"hidden\" id=\"es_register_nonce_69d8dacb03144\" name=\"es_register_nonce_69d8dacb03144\" value=\"8d5ab55541\" \/><input type=\"hidden\" name=\"_wp_http_referer\" value=\"\/co\/wp-json\/wp\/v2\/pages\/15\" \/><input id=\"redirect_url-69d8dacb0315d\" name=\"redirect_url\" class=\"es-field__input\" type=\"hidden\" value=\"\" \/><input id=\"es_type-69d8dacb0317c\" name=\"es_type\" class=\"es-field__input\" type=\"hidden\" value=\"agent\" \/>\n                               <div class='es-field es-field__es_user_email es-field--email '>\n                                   <label for='es_user_email-69d8dacb03191'><div class='es-field__label'>Correo electr\u00f3nico *<\/div><input id=\"es_user_email-69d8dacb03191\" name=\"es_user_email\" class=\"es-field__input\" required=\"required\" type=\"email\" value=\"\" \/><p class='es-field__description'>Lo usar\u00e1 para iniciar sesi\u00f3n y nosotros lo usaremos para comunicarnos con usted.<\/p><\/label>\n                               <\/div>\n                           \n                               <div class='es-field es-field__es_phone es-field--phone '>\n                                   <label for='es-field-es_phone'><div class='es-field__label'>Tel\u00e9fono<\/div><input id=\"es-field-es_phone\" name=\"es_phone\" class=\"es-field__input\" type=\"text\" value=\"\" \/><p class='es-field__description'>Los compradores lo utilizar\u00e1n para ponerse en contacto contigo.<\/p><\/label>\n                               <\/div>\n                           \n\t\t\t\t<div class='es-field es-field__es_user_password es-field--password ' style='width:100%;'>\n\t\t\t\t\t<label for='es_user_password-69d8dacb0420a' style='display:block;width:100%;'><div class='es-field__label'>Contrase\u00f1a *<\/div>\n\t\t\t\t\t\t<div class='es-input__wrap' style='position:relative;display:block;width:100%;'><input id=\"es_user_password-69d8dacb0420a\" name=\"es_user_password\" class=\"js-es-password-field es-field__input\" required=\"required\" minlength=\"8\" type=\"password\" value=\"\" \/><a href='#' class='es-toggle-pwd js-es-toggle-pwd'><span class='es-icon es-icon_eye'><\/span><\/a><\/div>\n\t\t\t\t\t\t<p class='es-field__description'><ul class='es-field__validate-list'>\n                                <li class='es-validate-item es-validate-item__contain'>No puede contener el nombre o la direcci\u00f3n de correo electr\u00f3nico.<\/li>\n                                <li class='es-validate-item es-validate-item__length'>Al menos 8 caracteres<\/li>\n                                <li class='es-validate-item es-validate-item__char'>Contiene un n\u00famero o s\u00edmbolo<\/li>\n                            <\/ul><\/p>\n\t\t\t\t\t<\/label>\n\t\t\t\t<\/div>\n\t\t\t\n\t\t\t\t\t\t\t<div class=\"es-recaptcha-wrapper\">\n\t\t\t\t\t\t<div class=\"js-g-recaptcha\" id=\"g-recaptcha-69d8dacb04233\"><\/div>\n\t\t\t\t\t<\/div>\n\t\t\t\t\t\t\n\t\t<div class='es-privacy-policy-container'><div class='es-field es-field__terms_conditions es-field--checkbox '>\n\t\t\t<input type='hidden' name='terms_conditions' value='0'\/>\n\t\t\t<input id=\"terms-conditions-69d8dacb043d3\" name=\"terms_conditions\" class=\"es-field__input\" value=\"1\" required=\"required\" type=\"checkbox\" \/>\n\t\t<!----><label for='terms-conditions-69d8dacb043d3'><\/label><\/div><div class='es-terms-text'>Estoy de acuerdo con el <a href='https:\/\/arriendo.com\/co\/terminos-y-condiciones\/' class='es-terms-link'>Condiciones de uso\n<\/a> y el <a href='https:\/\/arriendo.com\/co\/politica-de-datos\/' class='es-terms-link'>Pol\u00edtica de privacidad<\/a><\/div><\/div>\n\t\t<button type=\"submit\" disabled class=\"es-btn es-btn--primary es-btn--signup\">Reg\u00edstrate<\/button>\n\t<\/form>\n\t<div class=\"es-space\"><\/div>\n\t\n<\/div>\n\n<script>\ndocument.addEventListener('DOMContentLoaded', function() {\n    \/\/ Aplicar estilos al \u00edcono del ojo despu\u00e9s de que se renderice\n    var toggleBtns = document.querySelectorAll('.es-auth__agent-register-form .es-toggle-pwd');\n    toggleBtns.forEach(function(btn) {\n        btn.style.cssText = 'position:absolute !important;right:12px !important;top:50% !important;transform:translateY(-50%) !important;z-index:10 !important;';\n    });\n    \n    var inputWraps = document.querySelectorAll('.es-auth__agent-register-form .es-field--password .es-input__wrap');\n    inputWraps.forEach(function(wrap) {\n        wrap.style.cssText = 'position:relative;display:block;width:100%;';\n    });\n    \n    \/\/ Ajustar el input de contrase\u00f1a\n    var passwordInputs = document.querySelectorAll('.es-auth__agent-register-form .es-field--password input.es-field__input');\n    passwordInputs.forEach(function(input) {\n        input.style.cssText = 'width:100% !important;padding-right:45px !important;box-sizing:border-box !important;';\n    });\n});\n<\/script>                    <div class=\"es-auth__item es-auth__agent-register-buttons es-auth__item--hidden\">\n\t\t\t<h3 class=\"heading-font\">Crea una cuenta como arrendador<\/h3>\n\t\n\t\t\t<p>Administra tus inmuebles y gestiona tus datos de contacto<\/p>\n\t\n\t\t\t\t\t\t\t\t\t\t<a class=\"es-btn es-btn--google es-btn--auth \" href=\"https:\/\/accounts.google.com\/o\/oauth2\/v2\/auth?redirect_uri=https%3A%2F%2Farriendo.com%2Fco%2F%3Fauth_network%3Dgoogle-agent-register-buttons&response_type=code&client_id=962024793048-j5i16hkkgnktk5acbggglgnf43vd016i.apps.googleusercontent.com&access_type=online&scope=https:\/\/www.googleapis.com\/auth\/userinfo.profile https:\/\/www.googleapis.com\/auth\/userinfo.email\">\n\t\t\t\t\t<span class=\"es-icon es-icon_google\"><\/span>\n\t\t\t\t\tReg\u00edstrate con Google\t\t\t\t<\/a>\n\t\t\t\t\t\t\t\t<a href=\"#\" data-auth-item=\"agent-register-form\" class=\"js-es-auth-item__switcher es-btn es-btn--default es-btn--auth \">Reg\u00edstrate con contrase\u00f1a<\/a>\n\t\n\t<p class=\"sign-in-text\">\u00bfYa tienes una cuenta? <a href=\"#\" data-auth-item=\"login-buttons\" class=\"js-es-auth-item__switcher\">Inicia sesi\u00f3n<\/a><\/p>\n\t<div class=\"es-space\"><\/div>\n\t<!-- Custom Button EV -->\n\t<!-- <a href=\"#\" data-auth-item=\"buyer-register-buttons\" class=\"js-es-auth-item__switcher register-buyer-btn\">Reg\u00edstrate como Arrendatario<\/a>\n\t<p class=\"center-txt\">y guarda tus inmuebles favoritos<\/p>-->\n<\/div>\n                                                <\/div>\n    <\/div>\n<\/div>\n\n\n<div class=\"grid-mod-login\">\n  <h3 class=\"tt-sect\">\n    <span class=\"border-txt\">Beneficios<\/span> de publicar en Arriendo\n  <\/h3>\n  <div class=\"wrap\">\n    <div class=\"w-50 publica-mod mod-border\">\n      <img fetchpriority=\"high\" decoding=\"async\" src=\"https:\/\/arriendo.ev.net.co\/wp-content\/uploads\/2024\/04\/grid-home-1-min.jpg\" alt=\"\" width=\"700\" height=\"640\" title=\"\">\n      <div class=\"txt-abs\">\n        <h2 class=\"txt-size-30 txt-white\">Publica tu finca ra\u00edz gratis<\/h2>\n        <p class=\"txt-size-18 txt-white\">Publica tu inmueble en minutos, recibe contactos reales y administra tus anuncios desde un solo lugar.<\/p>\n        <a href=\"#\" class=\"btn btn-grid-home\">Conocer m\u00e1s<\/a>\n      <\/div>\n    <\/div>\n\n    <div class=\"w-50 left-grid-home\">\n      <div class=\"w-100 noticias-mod mod-border\">\n        <h2 class=\"txt-size-30\">Tu p\u00fablico ideal<\/h2>\n        <p class=\"txt-size-18\">Conecta con personas que est\u00e1n buscando exactamente lo que ofreces: arriendo o venta, por zona y presupuesto.<\/p>\n        <a href=\"https:\/\/arriendo.com\/co\/blog\/\" class=\"btn btn-grid-home\">Conocer m\u00e1s<\/a>\n      <\/div>\n\n      <div class=\"w-100 inmobiliarias-mod mod-border\">\n        <h2 class=\"txt-size-30\">Opciones destacadas<\/h2>\n        <p class=\"txt-size-18\">Destaca tus publicaciones y mejora la visibilidad para recibir m\u00e1s solicitudes y acelerar cierres.<\/p>\n        <a href=\"https:\/\/arriendo.com\/co\/inmobiliarias\/\" class=\"btn btn-grid-home\">Conocer m\u00e1s<\/a>\n      <\/div>\n    <\/div>\n  <\/div>\n<\/div>\n\n","protected":false},"excerpt":{"rendered":"","protected":false},"author":1,"featured_media":0,"parent":0,"menu_order":0,"comment_status":"closed","ping_status":"closed","template":"","meta":{"inline_featured_image":false,"footnotes":""},"class_list":["post-15","page","type-page","status-publish","hentry"],"_links":{"self":[{"href":"https:\/\/arriendo.com\/co\/wp-json\/wp\/v2\/pages\/15","targetHints":{"allow":["GET"]}}],"collection":[{"href":"https:\/\/arriendo.com\/co\/wp-json\/wp\/v2\/pages"}],"about":[{"href":"https:\/\/arriendo.com\/co\/wp-json\/wp\/v2\/types\/page"}],"author":[{"embeddable":true,"href":"https:\/\/arriendo.com\/co\/wp-json\/wp\/v2\/users\/1"}],"replies":[{"embeddable":true,"href":"https:\/\/arriendo.com\/co\/wp-json\/wp\/v2\/comments?post=15"}],"version-history":[{"count":0,"href":"https:\/\/arriendo.com\/co\/wp-json\/wp\/v2\/pages\/15\/revisions"}],"wp:attachment":[{"href":"https:\/\/arriendo.com\/co\/wp-json\/wp\/v2\/media?parent=15"}],"curies":[{"name":"wp","href":"https:\/\/api.w.org\/{rel}","templated":true}]}}