{"id":135,"date":"2024-06-04T19:30:02","date_gmt":"2024-06-05T00:30:02","guid":{"rendered":"https:\/\/arriendo.com\/co\/?page_id=135"},"modified":"2025-07-09T12:27:53","modified_gmt":"2025-07-09T17:27:53","slug":"preguntas-frecuentes","status":"publish","type":"page","link":"https:\/\/arriendo.com\/co\/preguntas-frecuentes\/","title":{"rendered":"Preguntas frecuentes"},"content":{"rendered":"\t\t<div data-elementor-type=\"wp-page\" data-elementor-id=\"135\" class=\"elementor elementor-135\">\n\t\t\t\t<div class=\"elementor-element elementor-element-7a43c95 e-flex e-con-boxed e-con e-parent\" data-id=\"7a43c95\" data-element_type=\"container\" data-e-type=\"container\">\n\t\t\t\t\t<div class=\"e-con-inner\">\n\t\t\t\t<div class=\"elementor-element elementor-element-724ee63 elementor-widget elementor-widget-heading\" data-id=\"724ee63\" data-element_type=\"widget\" data-e-type=\"widget\" data-widget_type=\"heading.default\">\n\t\t\t\t<div class=\"elementor-widget-container\">\n\t\t\t\t\t<h1 class=\"elementor-heading-title elementor-size-default\">Preguntas Frecuentes<\/h1>\t\t\t\t<\/div>\n\t\t\t\t<\/div>\n\t\t\t\t\t<\/div>\n\t\t\t\t<\/div>\n\t\t<div class=\"elementor-element elementor-element-80d8e8e e-flex e-con-boxed e-con e-parent\" data-id=\"80d8e8e\" data-element_type=\"container\" data-e-type=\"container\">\n\t\t\t\t\t<div class=\"e-con-inner\">\n\t\t\t\t<div class=\"elementor-element elementor-element-23db54a elementor-widget elementor-widget-accordion\" data-id=\"23db54a\" data-element_type=\"widget\" data-e-type=\"widget\" data-widget_type=\"accordion.default\">\n\t\t\t\t<div class=\"elementor-widget-container\">\n\t\t\t\t\t\t\t<div class=\"elementor-accordion\">\n\t\t\t\t\t\t\t<div class=\"elementor-accordion-item\">\n\t\t\t\t\t<h2 id=\"elementor-tab-title-3751\" class=\"elementor-tab-title\" data-tab=\"1\" role=\"button\" aria-controls=\"elementor-tab-content-3751\" aria-expanded=\"false\">\n\t\t\t\t\t\t\t\t\t\t\t\t\t<span class=\"elementor-accordion-icon elementor-accordion-icon-left\" aria-hidden=\"true\">\n\t\t\t\t\t\t\t\t\t\t\t\t\t\t\t<span class=\"elementor-accordion-icon-closed\"><svg class=\"e-font-icon-svg e-fas-plus\" viewBox=\"0 0 448 512\" xmlns=\"http:\/\/www.w3.org\/2000\/svg\"><path d=\"M416 208H272V64c0-17.67-14.33-32-32-32h-32c-17.67 0-32 14.33-32 32v144H32c-17.67 0-32 14.33-32 32v32c0 17.67 14.33 32 32 32h144v144c0 17.67 14.33 32 32 32h32c17.67 0 32-14.33 32-32V304h144c17.67 0 32-14.33 32-32v-32c0-17.67-14.33-32-32-32z\"><\/path><\/svg><\/span>\n\t\t\t\t\t\t\t\t<span class=\"elementor-accordion-icon-opened\"><svg class=\"e-font-icon-svg e-fas-minus\" viewBox=\"0 0 448 512\" xmlns=\"http:\/\/www.w3.org\/2000\/svg\"><path d=\"M416 208H32c-17.67 0-32 14.33-32 32v32c0 17.67 14.33 32 32 32h384c17.67 0 32-14.33 32-32v-32c0-17.67-14.33-32-32-32z\"><\/path><\/svg><\/span>\n\t\t\t\t\t\t\t\t\t\t\t\t\t\t<\/span>\n\t\t\t\t\t\t\t\t\t\t\t\t<a class=\"elementor-accordion-title\" tabindex=\"0\">\u00bfTiene alg\u00fan costo la publicaci\u00f3n de mis avisos?<\/a>\n\t\t\t\t\t<\/h2>\n\t\t\t\t\t<div id=\"elementor-tab-content-3751\" class=\"elementor-tab-content elementor-clearfix\" data-tab=\"1\" role=\"region\" aria-labelledby=\"elementor-tab-title-3751\"><p>Las tarifas dependen del tipo de plan de anuncio que contrates y los servicios adicionales que elijas, como destacar tu aviso. Consulta la secci\u00f3n de planes en el sitio web para m\u00e1s detalles. (Plan gratis, Plan B\u00e1sico, Plan plus)<\/p><\/div>\n\t\t\t\t<\/div>\n\t\t\t\t\t\t\t<div class=\"elementor-accordion-item\">\n\t\t\t\t\t<h2 id=\"elementor-tab-title-3752\" class=\"elementor-tab-title\" data-tab=\"2\" role=\"button\" aria-controls=\"elementor-tab-content-3752\" aria-expanded=\"false\">\n\t\t\t\t\t\t\t\t\t\t\t\t\t<span class=\"elementor-accordion-icon elementor-accordion-icon-left\" aria-hidden=\"true\">\n\t\t\t\t\t\t\t\t\t\t\t\t\t\t\t<span class=\"elementor-accordion-icon-closed\"><svg class=\"e-font-icon-svg e-fas-plus\" viewBox=\"0 0 448 512\" xmlns=\"http:\/\/www.w3.org\/2000\/svg\"><path d=\"M416 208H272V64c0-17.67-14.33-32-32-32h-32c-17.67 0-32 14.33-32 32v144H32c-17.67 0-32 14.33-32 32v32c0 17.67 14.33 32 32 32h144v144c0 17.67 14.33 32 32 32h32c17.67 0 32-14.33 32-32V304h144c17.67 0 32-14.33 32-32v-32c0-17.67-14.33-32-32-32z\"><\/path><\/svg><\/span>\n\t\t\t\t\t\t\t\t<span class=\"elementor-accordion-icon-opened\"><svg class=\"e-font-icon-svg e-fas-minus\" viewBox=\"0 0 448 512\" xmlns=\"http:\/\/www.w3.org\/2000\/svg\"><path d=\"M416 208H32c-17.67 0-32 14.33-32 32v32c0 17.67 14.33 32 32 32h384c17.67 0 32-14.33 32-32v-32c0-17.67-14.33-32-32-32z\"><\/path><\/svg><\/span>\n\t\t\t\t\t\t\t\t\t\t\t\t\t\t<\/span>\n\t\t\t\t\t\t\t\t\t\t\t\t<a class=\"elementor-accordion-title\" tabindex=\"0\">\u00bfQu\u00e9 informaci\u00f3n puedo mostrar de mi inmueble?<\/a>\n\t\t\t\t\t<\/h2>\n\t\t\t\t\t<div id=\"elementor-tab-content-3752\" class=\"elementor-tab-content elementor-clearfix\" data-tab=\"2\" role=\"region\" aria-labelledby=\"elementor-tab-title-3752\"><p>Al publicar tu inmueble, puedes relacionar la siguiente informaci\u00f3n:<\/p><ul><li>Descripci\u00f3n del inmueble: Detalles sobre las caracter\u00edsticas, estado, y ubicaci\u00f3n.<\/li><li>Fotos: Im\u00e1genes de alta calidad del inmueble.<\/li><\/ul><\/div>\n\t\t\t\t<\/div>\n\t\t\t\t\t\t\t<div class=\"elementor-accordion-item\">\n\t\t\t\t\t<h2 id=\"elementor-tab-title-3753\" class=\"elementor-tab-title\" data-tab=\"3\" role=\"button\" aria-controls=\"elementor-tab-content-3753\" aria-expanded=\"false\">\n\t\t\t\t\t\t\t\t\t\t\t\t\t<span class=\"elementor-accordion-icon elementor-accordion-icon-left\" aria-hidden=\"true\">\n\t\t\t\t\t\t\t\t\t\t\t\t\t\t\t<span class=\"elementor-accordion-icon-closed\"><svg class=\"e-font-icon-svg e-fas-plus\" viewBox=\"0 0 448 512\" xmlns=\"http:\/\/www.w3.org\/2000\/svg\"><path d=\"M416 208H272V64c0-17.67-14.33-32-32-32h-32c-17.67 0-32 14.33-32 32v144H32c-17.67 0-32 14.33-32 32v32c0 17.67 14.33 32 32 32h144v144c0 17.67 14.33 32 32 32h32c17.67 0 32-14.33 32-32V304h144c17.67 0 32-14.33 32-32v-32c0-17.67-14.33-32-32-32z\"><\/path><\/svg><\/span>\n\t\t\t\t\t\t\t\t<span class=\"elementor-accordion-icon-opened\"><svg class=\"e-font-icon-svg e-fas-minus\" viewBox=\"0 0 448 512\" xmlns=\"http:\/\/www.w3.org\/2000\/svg\"><path d=\"M416 208H32c-17.67 0-32 14.33-32 32v32c0 17.67 14.33 32 32 32h384c17.67 0 32-14.33 32-32v-32c0-17.67-14.33-32-32-32z\"><\/path><\/svg><\/span>\n\t\t\t\t\t\t\t\t\t\t\t\t\t\t<\/span>\n\t\t\t\t\t\t\t\t\t\t\t\t<a class=\"elementor-accordion-title\" tabindex=\"0\">\u00bfQu\u00e9 inmuebles puedo publicar?<\/a>\n\t\t\t\t\t<\/h2>\n\t\t\t\t\t<div id=\"elementor-tab-content-3753\" class=\"elementor-tab-content elementor-clearfix\" data-tab=\"3\" role=\"region\" aria-labelledby=\"elementor-tab-title-3753\"><p>Puedes publicar una variedad de inmuebles en Arriendo.com, incluyendo:<\/p><ul><li>Casas<\/li><li>Departamentos<\/li><li>Oficinas<\/li><li>Locales comerciales<\/li><li>Terrenos<\/li><li>Bodegas<\/li><\/ul><\/div>\n\t\t\t\t<\/div>\n\t\t\t\t\t\t\t<div class=\"elementor-accordion-item\">\n\t\t\t\t\t<h2 id=\"elementor-tab-title-3754\" class=\"elementor-tab-title\" data-tab=\"4\" role=\"button\" aria-controls=\"elementor-tab-content-3754\" aria-expanded=\"false\">\n\t\t\t\t\t\t\t\t\t\t\t\t\t<span class=\"elementor-accordion-icon elementor-accordion-icon-left\" aria-hidden=\"true\">\n\t\t\t\t\t\t\t\t\t\t\t\t\t\t\t<span class=\"elementor-accordion-icon-closed\"><svg class=\"e-font-icon-svg e-fas-plus\" viewBox=\"0 0 448 512\" xmlns=\"http:\/\/www.w3.org\/2000\/svg\"><path d=\"M416 208H272V64c0-17.67-14.33-32-32-32h-32c-17.67 0-32 14.33-32 32v144H32c-17.67 0-32 14.33-32 32v32c0 17.67 14.33 32 32 32h144v144c0 17.67 14.33 32 32 32h32c17.67 0 32-14.33 32-32V304h144c17.67 0 32-14.33 32-32v-32c0-17.67-14.33-32-32-32z\"><\/path><\/svg><\/span>\n\t\t\t\t\t\t\t\t<span class=\"elementor-accordion-icon-opened\"><svg class=\"e-font-icon-svg e-fas-minus\" viewBox=\"0 0 448 512\" xmlns=\"http:\/\/www.w3.org\/2000\/svg\"><path d=\"M416 208H32c-17.67 0-32 14.33-32 32v32c0 17.67 14.33 32 32 32h384c17.67 0 32-14.33 32-32v-32c0-17.67-14.33-32-32-32z\"><\/path><\/svg><\/span>\n\t\t\t\t\t\t\t\t\t\t\t\t\t\t<\/span>\n\t\t\t\t\t\t\t\t\t\t\t\t<a class=\"elementor-accordion-title\" tabindex=\"0\">\u00bfC\u00f3mo publico mi aviso en Arriendo.com? <\/a>\n\t\t\t\t\t<\/h2>\n\t\t\t\t\t<div id=\"elementor-tab-content-3754\" class=\"elementor-tab-content elementor-clearfix\" data-tab=\"4\" role=\"region\" aria-labelledby=\"elementor-tab-title-3754\"><p>Para publicar un aviso en Arriendo.com, sigue estos pasos:<\/p><ul><li><strong>Registro:<\/strong> Si no tienes una cuenta, primero reg\u00edstrate en la plataforma.<\/li><li><strong>Iniciar sesi\u00f3n:<\/strong> Accede a tu cuenta con tus credenciales.<\/li><li><strong>Publicar aviso:<\/strong> Ve a la secci\u00f3n &#8220;Publicar Aviso&#8221; y sigue las instrucciones para ingresar la informaci\u00f3n de tu inmueble.<\/li><li><strong>Completar el formulario:<\/strong> Proporciona todos los detalles requeridos sobre el inmueble, como ubicaci\u00f3n, caracter\u00edsticas, precio y fotos.<\/li><li><strong>Revisi\u00f3n y solicitud de autorizaci\u00f3n de publicaci\u00f3n:<\/strong> Revisa la informaci\u00f3n ingresada y env\u00eda la solicitud para su autorizaci\u00f3n.<\/li><li><strong>Verificaci\u00f3n por administradores:<\/strong> Los administradores de Arriendo.com revisar\u00e1n los datos de tu inmueble. En unos minutos, te aprobar\u00e1n, rechazar\u00e1n o pedir\u00e1n modificaciones en la informaci\u00f3n proporcionada.<\/li><\/ul><p>\u00a0<\/p><\/div>\n\t\t\t\t<\/div>\n\t\t\t\t\t\t\t\t\t\t<script type=\"application\/ld+json\">{\"@context\":\"https:\\\/\\\/schema.org\",\"@type\":\"FAQPage\",\"mainEntity\":[{\"@type\":\"Question\",\"name\":\"\\u00bfTiene alg\\u00fan costo la publicaci\\u00f3n de mis avisos?\",\"acceptedAnswer\":{\"@type\":\"Answer\",\"text\":\"<p>Las tarifas dependen del tipo de plan de anuncio que contrates y los servicios adicionales que elijas, como destacar tu aviso. Consulta la secci\\u00f3n de planes en el sitio web para m\\u00e1s detalles. (Plan gratis, Plan B\\u00e1sico, Plan plus)<\\\/p>\"}},{\"@type\":\"Question\",\"name\":\"\\u00bfQu\\u00e9 informaci\\u00f3n puedo mostrar de mi inmueble?\",\"acceptedAnswer\":{\"@type\":\"Answer\",\"text\":\"<p>Al publicar tu inmueble, puedes relacionar la siguiente informaci\\u00f3n:<\\\/p><ul><li>Descripci\\u00f3n del inmueble: Detalles sobre las caracter\\u00edsticas, estado, y ubicaci\\u00f3n.<\\\/li><li>Fotos: Im\\u00e1genes de alta calidad del inmueble.<\\\/li><\\\/ul>\"}},{\"@type\":\"Question\",\"name\":\"\\u00bfQu\\u00e9 inmuebles puedo publicar?\",\"acceptedAnswer\":{\"@type\":\"Answer\",\"text\":\"<p>Puedes publicar una variedad de inmuebles en Arriendo.com, incluyendo:<\\\/p><ul><li>Casas<\\\/li><li>Departamentos<\\\/li><li>Oficinas<\\\/li><li>Locales comerciales<\\\/li><li>Terrenos<\\\/li><li>Bodegas<\\\/li><\\\/ul>\"}},{\"@type\":\"Question\",\"name\":\"\\u00bfC\\u00f3mo publico mi aviso en Arriendo.com?\",\"acceptedAnswer\":{\"@type\":\"Answer\",\"text\":\"<p>Para publicar un aviso en Arriendo.com, sigue estos pasos:<\\\/p><ul><li><strong>Registro:<\\\/strong> Si no tienes una cuenta, primero reg\\u00edstrate en la plataforma.<\\\/li><li><strong>Iniciar sesi\\u00f3n:<\\\/strong> Accede a tu cuenta con tus credenciales.<\\\/li><li><strong>Publicar aviso:<\\\/strong> Ve a la secci\\u00f3n &#8220;Publicar Aviso&#8221; y sigue las instrucciones para ingresar la informaci\\u00f3n de tu inmueble.<\\\/li><li><strong>Completar el formulario:<\\\/strong> Proporciona todos los detalles requeridos sobre el inmueble, como ubicaci\\u00f3n, caracter\\u00edsticas, precio y fotos.<\\\/li><li><strong>Revisi\\u00f3n y solicitud de autorizaci\\u00f3n de publicaci\\u00f3n:<\\\/strong> Revisa la informaci\\u00f3n ingresada y env\\u00eda la solicitud para su autorizaci\\u00f3n.<\\\/li><li><strong>Verificaci\\u00f3n por administradores:<\\\/strong> Los administradores de Arriendo.com revisar\\u00e1n los datos de tu inmueble. En unos minutos, te aprobar\\u00e1n, rechazar\\u00e1n o pedir\\u00e1n modificaciones en la informaci\\u00f3n proporcionada.<\\\/li><\\\/ul><p>\\u00a0<\\\/p>\"}}]}<\/script>\n\t\t\t\t\t<\/div>\n\t\t\t\t\t\t<\/div>\n\t\t\t\t<\/div>\n\t\t\t\t\t<\/div>\n\t\t\t\t<\/div>\n\t\t\t\t<\/div>\n\t\t","protected":false},"excerpt":{"rendered":"<p>Preguntas Frecuentes \u00bfTiene alg\u00fan costo la publicaci\u00f3n de mis avisos? Las tarifas dependen del tipo de plan de anuncio que contrates y los servicios adicionales que elijas, como destacar tu aviso. Consulta la secci\u00f3n de planes en el sitio web para m\u00e1s detalles. (Plan gratis, Plan B\u00e1sico, Plan plus) \u00bfQu\u00e9 informaci\u00f3n puedo mostrar de mi [&hellip;]<\/p>\n","protected":false},"author":4,"featured_media":0,"parent":0,"menu_order":0,"comment_status":"closed","ping_status":"closed","template":"elementor_header_footer","meta":{"inline_featured_image":false,"footnotes":""},"class_list":["post-135","page","type-page","status-publish","hentry"],"_links":{"self":[{"href":"https:\/\/arriendo.com\/co\/wp-json\/wp\/v2\/pages\/135","targetHints":{"allow":["GET"]}}],"collection":[{"href":"https:\/\/arriendo.com\/co\/wp-json\/wp\/v2\/pages"}],"about":[{"href":"https:\/\/arriendo.com\/co\/wp-json\/wp\/v2\/types\/page"}],"author":[{"embeddable":true,"href":"https:\/\/arriendo.com\/co\/wp-json\/wp\/v2\/users\/4"}],"replies":[{"embeddable":true,"href":"https:\/\/arriendo.com\/co\/wp-json\/wp\/v2\/comments?post=135"}],"version-history":[{"count":0,"href":"https:\/\/arriendo.com\/co\/wp-json\/wp\/v2\/pages\/135\/revisions"}],"wp:attachment":[{"href":"https:\/\/arriendo.com\/co\/wp-json\/wp\/v2\/media?parent=135"}],"curies":[{"name":"wp","href":"https:\/\/api.w.org\/{rel}","templated":true}]}}